{"id":4828,"date":"2025-12-13T00:28:06","date_gmt":"2025-12-12T23:28:06","guid":{"rendered":"https:\/\/www.fassclub.de\/bearfightwhiskey\/?post_type=product&#038;p=4828"},"modified":"2026-03-28T22:35:03","modified_gmt":"2026-03-28T21:35:03","slug":"bear-fight-double-pack","status":"publish","type":"product","link":"https:\/\/www.fassclub.de\/bearfightwhiskey\/produkt\/bear-fight-double-pack\/","title":{"rendered":"Bear Fight Double Pack"},"content":{"rendered":"[vc_row type=&#8221;full_width_content&#8221; full_screen_row_position=&#8221;middle&#8221; column_margin=&#8221;default&#8221; equal_height=&#8221;yes&#8221; content_placement=&#8221;middle&#8221; column_direction=&#8221;default&#8221; column_direction_tablet=&#8221;default&#8221; column_direction_phone=&#8221;default&#8221; scene_position=&#8221;center&#8221; top_padding=&#8221;3%&#8221; bottom_padding=&#8221;%&#8221; left_padding_desktop=&#8221;1%&#8221; left_padding_phone=&#8221;3%&#8221; text_color=&#8221;dark&#8221; text_align=&#8221;left&#8221; row_border_radius=&#8221;none&#8221; row_border_radius_applies=&#8221;bg&#8221; row_position_desktop=&#8221;default&#8221; row_position_tablet=&#8221;inherit&#8221; row_position_phone=&#8221;inherit&#8221; overflow=&#8221;visible&#8221; overlay_strength=&#8221;0.3&#8243; gradient_direction=&#8221;left_to_right&#8221; shape_divider_position=&#8221;bottom&#8221; bg_image_animation=&#8221;none&#8221; gradient_type=&#8221;default&#8221; shape_type=&#8221;&#8221;][vc_column column_padding=&#8221;no-extra-padding&#8221; column_padding_tablet=&#8221;inherit&#8221; column_padding_phone=&#8221;inherit&#8221; column_padding_position=&#8221;all&#8221; flex_gap_desktop=&#8221;10px&#8221; column_element_direction_desktop=&#8221;default&#8221; column_element_spacing=&#8221;default&#8221; desktop_text_alignment=&#8221;default&#8221; tablet_text_alignment=&#8221;default&#8221; phone_text_alignment=&#8221;default&#8221; background_color_opacity=&#8221;1&#8243; background_hover_color_opacity=&#8221;1&#8243; column_backdrop_filter=&#8221;none&#8221; column_shadow=&#8221;none&#8221; column_border_radius=&#8221;none&#8221; column_link_target=&#8221;_self&#8221; column_position=&#8221;default&#8221; gradient_direction=&#8221;left_to_right&#8221; overlay_strength=&#8221;0.3&#8243; width=&#8221;1\/1&#8243; tablet_width_inherit=&#8221;default&#8221; animation_type=&#8221;default&#8221; bg_image_animation=&#8221;none&#8221; border_type=&#8221;simple&#8221; column_border_width=&#8221;none&#8221; column_border_style=&#8221;solid&#8221;][vc_row_inner column_margin=&#8221;default&#8221; column_direction=&#8221;default&#8221; column_direction_tablet=&#8221;default&#8221; column_direction_phone=&#8221;default&#8221; text_align=&#8221;left&#8221; row_position=&#8221;default&#8221; row_position_tablet=&#8221;inherit&#8221; row_position_phone=&#8221;inherit&#8221; overflow=&#8221;visible&#8221; pointer_events=&#8221;all&#8221;][vc_column_inner column_padding=&#8221;no-extra-padding&#8221; column_padding_tablet=&#8221;inherit&#8221; column_padding_phone=&#8221;inherit&#8221; column_padding_position=&#8221;all&#8221; left_margin=&#8221;2%&#8221; right_margin=&#8221;2%&#8221; column_element_direction_desktop=&#8221;default&#8221; column_element_spacing=&#8221;default&#8221; desktop_text_alignment=&#8221;default&#8221; tablet_text_alignment=&#8221;default&#8221; phone_text_alignment=&#8221;default&#8221; background_color_opacity=&#8221;1&#8243; background_hover_color_opacity=&#8221;1&#8243; column_backdrop_filter=&#8221;none&#8221; column_shadow=&#8221;none&#8221; column_border_radius=&#8221;none&#8221; column_link_target=&#8221;_self&#8221; overflow=&#8221;visible&#8221; gradient_direction=&#8221;left_to_right&#8221; overlay_strength=&#8221;0.3&#8243; width=&#8221;1\/1&#8243; tablet_width_inherit=&#8221;default&#8221; animation_type=&#8221;default&#8221; enable_animation=&#8221;true&#8221; animation=&#8221;fade-in-from-bottom&#8221; animation_easing=&#8221;default&#8221; bg_image_animation=&#8221;none&#8221; border_type=&#8221;simple&#8221; column_border_width=&#8221;none&#8221; column_border_style=&#8221;solid&#8221; column_padding_type=&#8221;default&#8221; content_layout=&#8221;default&#8221; gradient_type=&#8221;default&#8221;][divider line_type=&#8221;No Line&#8221; custom_height=&#8221;30px&#8221;][nectar_responsive_text inherited_font_style=&#8221;default&#8221; text_direction=&#8221;default&#8221; max_width=&#8221;90%&#8221; font_line_height=&#8221;1.8&#8243; font_size_desktop=&#8221;2.5vh&#8221;]<strong>Der Bear Fight American Single Malt Whisky ist ein mutiger und zugleich ausgewogener Whiskey.<\/strong><\/p>\n<p>Obwohl er in der Welt der Single Malts noch als Neuling gilt, hat er sich bereits fr\u00fch einen Namen gemacht und braucht sich nicht zu verstecken. Noch vor dem offiziellen Launch im Jahr 2022 \u00fcberzeugte seine komplexe Aromatik internationale Jurys \u2013 zuletzt wurde er bei der International Whisky Competition als Best American Single Malt ausgezeichnet.<\/p>\n<p>Er verbindet die Tradition schottischer Brennkunst mit amerikanischer Innovationsfreude und steht damit f\u00fcr einen modernen, selbstbewussten Stil.<\/p>\n<p>Die Reifung erfolgt in drei unterschiedlichen Fassarten: Zun\u00e4chst in Ex-Bourbon-F\u00e4ssern, anschlie\u00dfend in Sherry- sowie sanft getorften F\u00e4ssern. Diese Kombination verleiht dem Whiskey eine au\u00dfergew\u00f6hnliche Tiefe und Komplexit\u00e4t. Die subtile, unaufdringliche Rauchigkeit erg\u00e4nzt die Aromen harmonisch und sorgt f\u00fcr einen ausgewogenen Charakter.<\/p>\n<p>In der Nase zeigen sich kr\u00e4ftige Getreidenoten, Honig, Apfel und ein feiner Hauch Rauch. Am Gaumen entfalten sich schwarze Johannisbeere, Honig, Pekannuss und roter Apfel, die eine runde, harmonische Verbindung eingehen. Noten von getrockneter Feige, S\u00fc\u00dfkirsche und zarte Orangennuancen leiten elegant in das Finish \u00fcber. Dort sorgt eine feine Rauchigkeit in Kombination mit Honig f\u00fcr einen angenehm s\u00fc\u00dfen, langanhaltenden Abgang.<\/p>\n<p>Der Bear Fight American Single Malt z\u00e4hlt zu den meistpr\u00e4mierten American Single Malts \u2013 und das schmeckt man bei jedem Schluck. Trotz seines kraftvollen Namens pr\u00e4sentiert er sich zug\u00e4nglich und weniger robust, als das Label vermuten l\u00e4sst. Dadurch eignet er sich sowohl f\u00fcr Whiskyeinsteiger als auch hervorragend f\u00fcr hochwertige Cocktails.[\/nectar_responsive_text][divider line_type=&#8221;No Line&#8221; custom_height=&#8221;50px&#8221;][nectar_responsive_text inherited_font_style=&#8221;default&#8221; text_direction=&#8221;default&#8221; max_width=&#8221;90%&#8221; font_line_height=&#8221;1.8&#8243; font_size_desktop=&#8221;2.5vh&#8221;]<strong>Der Bear Fight Kentucky Straight Bourbon Whiskey ist der zweite \u201eB\u00e4r\u201c, der 2024 auf den Markt kam.<\/strong><\/p>\n<p>Sein komplexes Geschmacksprofil \u00fcberzeugte bereits kurz nach Release bei internationalen Blindverkostungen: Bei den SIP Awards 2024 erhielt er Double Gold, bei der New York International Spirits Competition 2025 wurde er mit Gold und 95 Punkten ausgezeichnet.<\/p>\n<p>Durch sein Finish in Reposado-Tequila-F\u00e4ssern wirkt dieser Bourbon zun\u00e4chst kantig und k\u00e4mpferisch \u2013 ganz im Sinne von Bear Fight. Doch schon der erste Schluck zeigt: Dieser B\u00e4r ist \u00fcberraschend weich und zug\u00e4nglich.<\/p>\n<p>In der Nase pr\u00e4sentieren sich kr\u00e4ftige, w\u00fcrzige Noten eines High-Rye-Bourbons, begleitet von Aromen von Vanilleextrakt, Ahornsirup, ger\u00f6steter Eiche und einer feinen Pfeffrigkeit. Am Gaumen entfalten sich Butterscotch sowie eine harmonische Symbiose aus Honignoten und leichtem Salzkaramell. Kurz darauf tritt der Einfluss der Reposado-F\u00e4sser deutlicher hervor: Ein Hauch von Tequila und dezenter Rauch leiten elegant in das Finish \u00fcber. Dieses ist pr\u00e4gnant, aber nicht aggressiv, mit Noten von Butterscotch, Honig und sanftem Pfeffer, die einen vollmundigen und langanhaltenden Abgang einl\u00e4uten.<\/p>\n<p>Der Bear Fight Kentucky Straight Bourbon ist zwar noch relativ neu \u2013 f\u00fcr uns steht jedoch schon jetzt fest: Dieser Bourbon wird die Grundlage f\u00fcr viele neue und spannende Cocktail-Variationen sein.[\/nectar_responsive_text][\/vc_column_inner][\/vc_row_inner][\/vc_column][\/vc_row][vc_row type=&#8221;full_width_content&#8221; full_screen_row_position=&#8221;middle&#8221; column_margin=&#8221;default&#8221; equal_height=&#8221;yes&#8221; content_placement=&#8221;middle&#8221; column_direction=&#8221;default&#8221; column_direction_tablet=&#8221;default&#8221; column_direction_phone=&#8221;default&#8221; scene_position=&#8221;center&#8221; top_padding=&#8221;%&#8221; bottom_padding=&#8221;6%&#8221; left_padding_desktop=&#8221;1%&#8221; left_padding_phone=&#8221;3%&#8221; text_color=&#8221;dark&#8221; text_align=&#8221;left&#8221; row_border_radius=&#8221;none&#8221; row_border_radius_applies=&#8221;bg&#8221; row_position_desktop=&#8221;default&#8221; row_position_tablet=&#8221;inherit&#8221; row_position_phone=&#8221;inherit&#8221; overflow=&#8221;visible&#8221; overlay_strength=&#8221;0.3&#8243; gradient_direction=&#8221;left_to_right&#8221; shape_divider_position=&#8221;bottom&#8221; bg_image_animation=&#8221;none&#8221; gradient_type=&#8221;default&#8221; shape_type=&#8221;&#8221;][vc_column column_padding=&#8221;no-extra-padding&#8221; column_padding_tablet=&#8221;inherit&#8221; column_padding_phone=&#8221;inherit&#8221; column_padding_position=&#8221;all&#8221; flex_gap_desktop=&#8221;10px&#8221; column_element_direction_desktop=&#8221;default&#8221; column_element_spacing=&#8221;default&#8221; desktop_text_alignment=&#8221;default&#8221; tablet_text_alignment=&#8221;default&#8221; phone_text_alignment=&#8221;default&#8221; background_color_opacity=&#8221;1&#8243; background_hover_color_opacity=&#8221;1&#8243; column_backdrop_filter=&#8221;none&#8221; column_shadow=&#8221;none&#8221; column_border_radius=&#8221;none&#8221; column_link_target=&#8221;_self&#8221; column_position=&#8221;default&#8221; gradient_direction=&#8221;left_to_right&#8221; overlay_strength=&#8221;0.3&#8243; width=&#8221;1\/1&#8243; tablet_width_inherit=&#8221;default&#8221; animation_type=&#8221;default&#8221; bg_image_animation=&#8221;none&#8221; border_type=&#8221;simple&#8221; column_border_width=&#8221;none&#8221; column_border_style=&#8221;solid&#8221;][vc_row_inner column_margin=&#8221;default&#8221; column_direction=&#8221;default&#8221; column_direction_tablet=&#8221;default&#8221; column_direction_phone=&#8221;default&#8221; text_align=&#8221;left&#8221; row_position=&#8221;default&#8221; row_position_tablet=&#8221;inherit&#8221; row_position_phone=&#8221;inherit&#8221; overflow=&#8221;visible&#8221; pointer_events=&#8221;all&#8221;][vc_column_inner column_padding=&#8221;no-extra-padding&#8221; column_padding_tablet=&#8221;inherit&#8221; column_padding_phone=&#8221;inherit&#8221; column_padding_position=&#8221;all&#8221; left_margin=&#8221;2%&#8221; right_margin=&#8221;2%&#8221; column_element_direction_desktop=&#8221;default&#8221; column_element_spacing=&#8221;default&#8221; desktop_text_alignment=&#8221;default&#8221; tablet_text_alignment=&#8221;default&#8221; phone_text_alignment=&#8221;default&#8221; background_color_opacity=&#8221;1&#8243; background_hover_color_opacity=&#8221;1&#8243; column_backdrop_filter=&#8221;none&#8221; column_shadow=&#8221;none&#8221; column_border_radius=&#8221;none&#8221; column_link_target=&#8221;_self&#8221; overflow=&#8221;visible&#8221; gradient_direction=&#8221;left_to_right&#8221; overlay_strength=&#8221;0.3&#8243; width=&#8221;1\/1&#8243; tablet_width_inherit=&#8221;default&#8221; animation_type=&#8221;default&#8221; enable_animation=&#8221;true&#8221; animation=&#8221;fade-in-from-bottom&#8221; animation_easing=&#8221;default&#8221; bg_image_animation=&#8221;none&#8221; border_type=&#8221;simple&#8221; column_border_width=&#8221;none&#8221; column_border_style=&#8221;solid&#8221; column_padding_type=&#8221;default&#8221; content_layout=&#8221;default&#8221; gradient_type=&#8221;default&#8221;][divider line_type=&#8221;No Line&#8221; custom_height=&#8221;30px&#8221;][nectar_responsive_text inherited_font_style=&#8221;default&#8221; text_direction=&#8221;default&#8221; max_width=&#8221;90%&#8221; font_line_height=&#8221;2&#8243;]<strong>Inverkehrbringer<\/strong>: fassclub UG (haftungsbeschr\u00e4nkt), Markt 12, 23701 Eutin, Deutschland<br \/>\n<strong>Bezeichnung<\/strong>: Whisky<br \/>\n<strong>Herkunftsland<\/strong>: USA[\/nectar_responsive_text][divider line_type=&#8221;No Line&#8221; custom_height_phone=&#8221;30px&#8221;][\/vc_column_inner][\/vc_row_inner][\/vc_column][\/vc_row]\n","protected":false},"excerpt":{"rendered":"<p>45 % vol. \u00b7 0,75 l \u00b7 86,60\u20ac\/l<\/p>\n<p><strong style=\"color: #33c77c;\">versandfertig in 2-3 Werktagen<\/strong>><\/p>\n","protected":false},"featured_media":4911,"comment_status":"open","ping_status":"closed","template":"","meta":[],"product_brand":[],"product_cat":[16],"product_tag":[],"class_list":{"0":"post-4828","1":"product","2":"type-product","3":"status-publish","4":"has-post-thumbnail","6":"product_cat-bearfightwhiskey","8":"first","9":"instock","10":"taxable","11":"shipping-taxable","12":"purchasable","13":"product-type-simple"},"_links":{"self":[{"href":"https:\/\/www.fassclub.de\/bearfightwhiskey\/wp-json\/wp\/v2\/product\/4828","targetHints":{"allow":["GET"]}}],"collection":[{"href":"https:\/\/www.fassclub.de\/bearfightwhiskey\/wp-json\/wp\/v2\/product"}],"about":[{"href":"https:\/\/www.fassclub.de\/bearfightwhiskey\/wp-json\/wp\/v2\/types\/product"}],"replies":[{"embeddable":true,"href":"https:\/\/www.fassclub.de\/bearfightwhiskey\/wp-json\/wp\/v2\/comments?post=4828"}],"wp:featuredmedia":[{"embeddable":true,"href":"https:\/\/www.fassclub.de\/bearfightwhiskey\/wp-json\/wp\/v2\/media\/4911"}],"wp:attachment":[{"href":"https:\/\/www.fassclub.de\/bearfightwhiskey\/wp-json\/wp\/v2\/media?parent=4828"}],"wp:term":[{"taxonomy":"product_brand","embeddable":true,"href":"https:\/\/www.fassclub.de\/bearfightwhiskey\/wp-json\/wp\/v2\/product_brand?post=4828"},{"taxonomy":"product_cat","embeddable":true,"href":"https:\/\/www.fassclub.de\/bearfightwhiskey\/wp-json\/wp\/v2\/product_cat?post=4828"},{"taxonomy":"product_tag","embeddable":true,"href":"https:\/\/www.fassclub.de\/bearfightwhiskey\/wp-json\/wp\/v2\/product_tag?post=4828"}],"curies":[{"name":"wp","href":"https:\/\/api.w.org\/{rel}","templated":true}]}}